{"id":194,"date":"2018-09-25T23:20:50","date_gmt":"2018-09-25T21:20:50","guid":{"rendered":"https:\/\/regions-snetap-fsu.fr\/idf\/?page_id=194"},"modified":"2025-04-10T20:38:18","modified_gmt":"2025-04-10T18:38:18","slug":"f3sct-rea","status":"publish","type":"page","link":"https:\/\/regions-snetap-fsu.fr\/idf\/instances\/f3sct-rea\/","title":{"rendered":"F3SCT-REA"},"content":{"rendered":"<p>&nbsp;<\/p>\n<p>Vous trouverez ici notre synth\u00e8se r\u00e9alis\u00e9e apr\u00e8s les pl\u00e9ni\u00e8res de cette nouvelle instance qui remplace le CHSCTREA :<\/p>\n<div class=\"oceanwp-oembed-wrap clr\">\n<blockquote class=\"wp-embedded-content\" data-secret=\"xDIUQsiFui\"><p><a href=\"https:\/\/regions-snetap-fsu.fr\/idf\/2025\/04\/08\/essentiel-f3sct-rea-190325\/\">L&rsquo;essentiel de la F3SCT-REA du 19 mars 2025<\/a><\/p><\/blockquote>\n<p><iframe class=\"wp-embedded-content\" sandbox=\"allow-scripts\" security=\"restricted\" style=\"position: absolute; visibility: hidden;\" title=\"\u00ab\u00a0L&rsquo;essentiel de la F3SCT-REA du 19 mars 2025\u00a0\u00bb &#8212; \u00ceLE-DE-FRANCE\" src=\"https:\/\/regions-snetap-fsu.fr\/idf\/2025\/04\/08\/essentiel-f3sct-rea-190325\/embed\/#?secret=Wlv77Tv0Cj#?secret=xDIUQsiFui\" data-secret=\"xDIUQsiFui\" width=\"600\" height=\"338\" frameborder=\"0\" marginwidth=\"0\" marginheight=\"0\" scrolling=\"no\"><\/iframe><\/div>\n<p>&nbsp;<\/p>\n<div class=\"oceanwp-oembed-wrap clr\">\n<blockquote class=\"wp-embedded-content\" data-secret=\"OFwc8fa5Pl\"><p><a href=\"https:\/\/regions-snetap-fsu.fr\/idf\/2024\/07\/03\/compte-rendu-de-la-f3sct-rea-du-4-juin-2024\/\">Compte-rendu de la F3SCT-REA du 4 juin 2024<\/a><\/p><\/blockquote>\n<p><iframe class=\"wp-embedded-content\" sandbox=\"allow-scripts\" security=\"restricted\" style=\"position: absolute; visibility: hidden;\" title=\"\u00ab\u00a0Compte-rendu de la F3SCT-REA du 4 juin 2024\u00a0\u00bb &#8212; \u00ceLE-DE-FRANCE\" src=\"https:\/\/regions-snetap-fsu.fr\/idf\/2024\/07\/03\/compte-rendu-de-la-f3sct-rea-du-4-juin-2024\/embed\/#?secret=T6lXICObj9#?secret=OFwc8fa5Pl\" data-secret=\"OFwc8fa5Pl\" width=\"600\" height=\"338\" frameborder=\"0\" marginwidth=\"0\" marginheight=\"0\" scrolling=\"no\"><\/iframe><\/div>\n<p>&nbsp;<\/p>\n<div class=\"oceanwp-oembed-wrap clr\">\n<blockquote class=\"wp-embedded-content\" data-secret=\"9zcDXvaJ17\"><p><a href=\"https:\/\/regions-snetap-fsu.fr\/idf\/2023\/06\/22\/fs-rea\/\">Compte rendu de la premi\u00e8re FS-REA : la nouvelle instance Sant\u00e9, S\u00e9curit\u00e9 et Conditions de Travail<\/a><\/p><\/blockquote>\n<p><iframe class=\"wp-embedded-content\" sandbox=\"allow-scripts\" security=\"restricted\" style=\"position: absolute; visibility: hidden;\" title=\"\u00ab\u00a0Compte rendu de la premi\u00e8re FS-REA : la nouvelle instance Sant\u00e9, S\u00e9curit\u00e9 et Conditions de Travail\u00a0\u00bb &#8212; \u00ceLE-DE-FRANCE\" src=\"https:\/\/regions-snetap-fsu.fr\/idf\/2023\/06\/22\/fs-rea\/embed\/#?secret=tWcACBZu8a#?secret=9zcDXvaJ17\" data-secret=\"9zcDXvaJ17\" width=\"600\" height=\"338\" frameborder=\"0\" marginwidth=\"0\" marginheight=\"0\" scrolling=\"no\"><\/iframe><\/div>\n<p>&#8212;&#8212;&#8212;&#8212;&#8212;&#8212;&#8212;&#8212;&#8212;&#8212;&#8212;&#8212;&#8212;&#8212;&#8212;&#8212;&#8212;&#8212;&#8212;&#8212;&#8212;&#8212;&#8212;&#8212;&#8212;&#8212;&#8212;&#8212;&#8212;&#8212;&#8212;&#8212;&#8212;&#8212;&#8212;&#8212;&#8212;&#8212;&#8212;&#8212;&#8212;&#8212;&#8212;&#8212;&#8212;&#8212;&#8212;&#8212;&#8211;<\/p>\n<p>Voici, ci-dessous, les synth\u00e8ses de l&rsquo;ancienne instance (le CHSCTREA) :<\/p>\n<div class=\"oceanwp-oembed-wrap clr\">\n<blockquote class=\"wp-embedded-content\" data-secret=\"uTTVKd8OI7\"><p><a href=\"https:\/\/regions-snetap-fsu.fr\/idf\/2022\/07\/11\/compte-rendu-du-chsctrea-du-5-juillet\/\">Compte-rendu du CHSCTREA du 5 juillet<\/a><\/p><\/blockquote>\n<p><iframe class=\"wp-embedded-content\" sandbox=\"allow-scripts\" security=\"restricted\" style=\"position: absolute; visibility: hidden;\" title=\"\u00ab\u00a0Compte-rendu du CHSCTREA du 5 juillet\u00a0\u00bb &#8212; \u00ceLE-DE-FRANCE\" src=\"https:\/\/regions-snetap-fsu.fr\/idf\/2022\/07\/11\/compte-rendu-du-chsctrea-du-5-juillet\/embed\/#?secret=34hbneAmHH#?secret=uTTVKd8OI7\" data-secret=\"uTTVKd8OI7\" width=\"600\" height=\"338\" frameborder=\"0\" marginwidth=\"0\" marginheight=\"0\" scrolling=\"no\"><\/iframe><\/div>\n<p>Voici les derniers dans le contexte sanitaire <em>Covid<\/em>\u00a0 :<\/p>\n<div class=\"oceanwp-oembed-wrap clr\">\n<blockquote class=\"wp-embedded-content\" data-secret=\"aVV43fvKRe\"><p><a href=\"https:\/\/regions-snetap-fsu.fr\/idf\/2021\/05\/13\/lessentiel-du-chsctrea-ile-de-france-mai-2021\/\">L&rsquo;essentiel du CHSCTREA Ile de France (mai 2021)<\/a><\/p><\/blockquote>\n<p><iframe class=\"wp-embedded-content\" sandbox=\"allow-scripts\" security=\"restricted\" style=\"position: absolute; visibility: hidden;\" title=\"\u00ab\u00a0L&rsquo;essentiel du CHSCTREA Ile de France (mai 2021)\u00a0\u00bb &#8212; \u00ceLE-DE-FRANCE\" src=\"https:\/\/regions-snetap-fsu.fr\/idf\/2021\/05\/13\/lessentiel-du-chsctrea-ile-de-france-mai-2021\/embed\/#?secret=l4iA2lHPE9#?secret=aVV43fvKRe\" data-secret=\"aVV43fvKRe\" width=\"600\" height=\"338\" frameborder=\"0\" marginwidth=\"0\" marginheight=\"0\" scrolling=\"no\"><\/iframe><\/div>\n<div class=\"oceanwp-oembed-wrap clr\">\n<blockquote class=\"wp-embedded-content\" data-secret=\"67Y5kIlZLX\"><p><a href=\"https:\/\/regions-snetap-fsu.fr\/idf\/2021\/02\/11\/communique-chsctrea-11-fevrier-2021\/\">Communiqu\u00e9 CHSCTREA 11 f\u00e9vrier 2021<\/a><\/p><\/blockquote>\n<p><iframe class=\"wp-embedded-content\" sandbox=\"allow-scripts\" security=\"restricted\" style=\"position: absolute; visibility: hidden;\" title=\"\u00ab\u00a0Communiqu\u00e9 CHSCTREA 11 f\u00e9vrier 2021\u00a0\u00bb &#8212; \u00ceLE-DE-FRANCE\" src=\"https:\/\/regions-snetap-fsu.fr\/idf\/2021\/02\/11\/communique-chsctrea-11-fevrier-2021\/embed\/#?secret=yOTQKBs83a#?secret=67Y5kIlZLX\" data-secret=\"67Y5kIlZLX\" width=\"600\" height=\"338\" frameborder=\"0\" marginwidth=\"0\" marginheight=\"0\" scrolling=\"no\"><\/iframe><\/div>\n<p><span style=\"color: #339966\"><a style=\"color: #339966\" href=\"https:\/\/regions-snetap-fsu.fr\/idf\/wp-content\/uploads\/sites\/11\/2021\/03\/PV-CHSCTREA_1120.pdf\" target=\"_blank\" rel=\"noopener\">PV CHSCTREA_231120<\/a><\/span><\/p>\n<p><span style=\"color: #339966\"><a style=\"color: #339966\" href=\"https:\/\/regions-snetap-fsu.fr\/idf\/wp-content\/uploads\/sites\/11\/2021\/01\/PV-CHSCTREA_28082020.odt\">PV CHSCTREA_28082020<\/a><\/span><\/p>\n<p><span style=\"color: #339966\"><a style=\"color: #339966\" href=\"https:\/\/regions-snetap-fsu.fr\/idf\/wp-content\/uploads\/sites\/11\/2020\/10\/PV-CHSCTREA_250520.odt\">PV CHSCTREA_250520<\/a><\/span><\/p>\n<div class=\"oceanwp-oembed-wrap clr\">\n<blockquote class=\"wp-embedded-content\" data-secret=\"p1Q2NmF3Oj\"><p><a href=\"https:\/\/regions-snetap-fsu.fr\/idf\/2020\/05\/07\/chsctrea-exceptionnel-du-30-avril-2020\/\">CHSCTREA exceptionnel du 30 avril 2020<\/a><\/p><\/blockquote>\n<p><iframe class=\"wp-embedded-content\" sandbox=\"allow-scripts\" security=\"restricted\" style=\"position: absolute; visibility: hidden;\" title=\"\u00ab\u00a0CHSCTREA exceptionnel du 30 avril 2020\u00a0\u00bb &#8212; \u00ceLE-DE-FRANCE\" src=\"https:\/\/regions-snetap-fsu.fr\/idf\/2020\/05\/07\/chsctrea-exceptionnel-du-30-avril-2020\/embed\/#?secret=UGTp4hmUTf#?secret=p1Q2NmF3Oj\" data-secret=\"p1Q2NmF3Oj\" width=\"600\" height=\"338\" frameborder=\"0\" marginwidth=\"0\" marginheight=\"0\" scrolling=\"no\"><\/iframe><\/div>\n<div class=\"oceanwp-oembed-wrap clr\">\n<blockquote class=\"wp-embedded-content\" data-secret=\"ie0N3nap7y\"><p><a href=\"https:\/\/regions-snetap-fsu.fr\/idf\/2020\/04\/02\/chsctrea-exceptionnel-31-mars-2020\/\">CHSCTREA exceptionnel (31 mars 2020)<\/a><\/p><\/blockquote>\n<p><iframe class=\"wp-embedded-content\" sandbox=\"allow-scripts\" security=\"restricted\" style=\"position: absolute; visibility: hidden;\" title=\"\u00ab\u00a0CHSCTREA exceptionnel (31 mars 2020)\u00a0\u00bb &#8212; \u00ceLE-DE-FRANCE\" src=\"https:\/\/regions-snetap-fsu.fr\/idf\/2020\/04\/02\/chsctrea-exceptionnel-31-mars-2020\/embed\/#?secret=zDJ3cjubzx#?secret=ie0N3nap7y\" data-secret=\"ie0N3nap7y\" width=\"600\" height=\"338\" frameborder=\"0\" marginwidth=\"0\" marginheight=\"0\" scrolling=\"no\"><\/iframe><\/div>\n<div class=\"oceanwp-oembed-wrap clr\">\n<blockquote class=\"wp-embedded-content\" data-secret=\"cwkadfzBDP\"><p><a href=\"https:\/\/regions-snetap-fsu.fr\/idf\/2020\/01\/22\/chsctrea-janvier-2020\/\">CHSCTREA (janvier 2020)<\/a><\/p><\/blockquote>\n<p><iframe class=\"wp-embedded-content\" sandbox=\"allow-scripts\" security=\"restricted\" style=\"position: absolute; visibility: hidden;\" title=\"\u00ab\u00a0CHSCTREA (janvier 2020)\u00a0\u00bb &#8212; \u00ceLE-DE-FRANCE\" src=\"https:\/\/regions-snetap-fsu.fr\/idf\/2020\/01\/22\/chsctrea-janvier-2020\/embed\/#?secret=iiDVfIQtnS#?secret=cwkadfzBDP\" data-secret=\"cwkadfzBDP\" width=\"600\" height=\"338\" frameborder=\"0\" marginwidth=\"0\" marginheight=\"0\" scrolling=\"no\"><\/iframe><\/div>\n<p>Ci-dessous, tous les autres depuis 2015 :<\/p>\n<p><span style=\"color: #339966\"><a style=\"color: #339966\" href=\"https:\/\/regions-snetap-fsu.fr\/idf\/wp-content\/uploads\/sites\/11\/2020\/10\/PV-CHSCTREA_210619.odt\">PV CHSCTREA_210619<\/a><\/span><\/p>\n<p><a href=\"https:\/\/regions-snetap-fsu.fr\/idf\/wp-content\/uploads\/sites\/11\/2020\/10\/CR-CHSCTREA_1118.docx\"><span style=\"color: #339966\">CR CHSCTREA_1118<\/span><\/a><\/p>\n<p><span style=\"color: #339966\"><a style=\"color: #339966\" href=\"https:\/\/regions-snetap-fsu.fr\/idf\/wp-content\/uploads\/sites\/11\/2018\/12\/CR-CHSCTREA_0418.doc\">CR-CHSCTREA_0418<\/a><\/span><\/p>\n<p><span style=\"color: #339966\"><a style=\"color: #339966\" href=\"https:\/\/regions-snetap-fsu.fr\/idf\/wp-content\/uploads\/sites\/11\/2018\/09\/PV-CHSCTREA-IDF_1017-relecture-snetap.odt\" target=\"_blank\" rel=\"noopener noreferrer\">PV CHSCTREA IDF_1017<\/a><\/span><\/p>\n<p><span style=\"color: #339966\"><a style=\"color: #339966\" href=\"https:\/\/regions-snetap-fsu.fr\/idf\/wp-content\/uploads\/sites\/11\/2018\/09\/20170505_PV_CHSCTREA-relu-SNETAP.doc\" target=\"_blank\" rel=\"noopener noreferrer\">PV_CHSCTREA_0517<\/a><\/span><\/p>\n<p><span style=\"color: #339966\"><a style=\"color: #339966\" href=\"https:\/\/regions-snetap-fsu.fr\/idf\/wp-content\/uploads\/sites\/11\/2018\/09\/CR_CHSCTREA_1016.docx\">CR_CHSCTREA_1016<\/a><\/span><\/p>\n<p><span style=\"color: #339966\"><a style=\"color: #339966\" href=\"https:\/\/regions-snetap-fsu.fr\/idf\/wp-content\/uploads\/sites\/11\/2018\/09\/CR_CHSCTREA-IDF_0316.docx\">CR_CHSCTREA IDF_0316<\/a><\/span><\/p>\n<p><span style=\"color: #339966\"><a style=\"color: #339966\" href=\"https:\/\/regions-snetap-fsu.fr\/idf\/wp-content\/uploads\/sites\/11\/2018\/09\/CR_CHSCTREA-IDF_1215.docx\">CR_CHSCTREA IDF_1215<\/a><\/span><\/p>\n<p>&nbsp;<\/p>\n","protected":false},"excerpt":{"rendered":"<p>&nbsp; Vous trouverez ici notre synth\u00e8se r\u00e9alis\u00e9e apr\u00e8s les pl\u00e9ni\u00e8res de cette nouvelle instance qui remplace le CHSCTREA : L&rsquo;essentiel de la F3SCT-REA du 19 mars 2025 &nbsp; Compte-rendu de la F3SCT-REA du 4 juin 2024 &nbsp; Compte rendu de la premi\u00e8re FS-REA : la nouvelle instance Sant\u00e9, S\u00e9curit\u00e9 et Conditions de Travail &#8212;&#8212;&#8212;&#8212;&#8212;&#8212;&#8212;&#8212;&#8212;&#8212;&#8212;&#8212;&#8212;&#8212;&#8212;&#8212;&#8212;&#8212;&#8212;&#8212;&#8212;&#8212;&#8212;&#8212;&#8212;&#8212;&#8212;&#8212;&#8212;&#8212;&#8212;&#8212;&#8212;&#8212;&#8212;&#8212;&#8212;&#8212;&#8212;&#8212;&#8212;&#8212;&#8212;&#8212;&#8212;&#8212;&#8212;&#8212;&#8211; Voici, [&hellip;]<\/p>\n","protected":false},"author":104,"featured_media":0,"parent":169,"menu_order":0,"comment_status":"closed","ping_status":"closed","template":"","meta":{"ocean_post_layout":"","ocean_both_sidebars_style":"","ocean_both_sidebars_content_width":0,"ocean_both_sidebars_sidebars_width":0,"ocean_sidebar":"0","ocean_second_sidebar":"0","ocean_disable_margins":"enable","ocean_add_body_class":"","ocean_shortcode_before_top_bar":"","ocean_shortcode_after_top_bar":"","ocean_shortcode_before_header":"","ocean_shortcode_after_header":"","ocean_has_shortcode":"","ocean_shortcode_after_title":"","ocean_shortcode_before_footer_widgets":"","ocean_shortcode_after_footer_widgets":"","ocean_shortcode_before_footer_bottom":"","ocean_shortcode_after_footer_bottom":"","ocean_display_top_bar":"default","ocean_display_header":"default","ocean_header_style":"","ocean_center_header_left_menu":"0","ocean_custom_header_template":"0","ocean_custom_logo":0,"ocean_custom_retina_logo":0,"ocean_custom_logo_max_width":0,"ocean_custom_logo_tablet_max_width":0,"ocean_custom_logo_mobile_max_width":0,"ocean_custom_logo_max_height":0,"ocean_custom_logo_tablet_max_height":0,"ocean_custom_logo_mobile_max_height":0,"ocean_header_custom_menu":"0","ocean_menu_typo_font_family":"0","ocean_menu_typo_font_subset":"","ocean_menu_typo_font_size":0,"ocean_menu_typo_font_size_tablet":0,"ocean_menu_typo_font_size_mobile":0,"ocean_menu_typo_font_size_unit":"px","ocean_menu_typo_font_weight":"","ocean_menu_typo_font_weight_tablet":"","ocean_menu_typo_font_weight_mobile":"","ocean_menu_typo_transform":"","ocean_menu_typo_transform_tablet":"","ocean_menu_typo_transform_mobile":"","ocean_menu_typo_line_height":0,"ocean_menu_typo_line_height_tablet":0,"ocean_menu_typo_line_height_mobile":0,"ocean_menu_typo_line_height_unit":"","ocean_menu_typo_spacing":0,"ocean_menu_typo_spacing_tablet":0,"ocean_menu_typo_spacing_mobile":0,"ocean_menu_typo_spacing_unit":"","ocean_menu_link_color":"","ocean_menu_link_color_hover":"","ocean_menu_link_color_active":"","ocean_menu_link_background":"","ocean_menu_link_hover_background":"","ocean_menu_link_active_background":"","ocean_menu_social_links_bg":"","ocean_menu_social_hover_links_bg":"","ocean_menu_social_links_color":"","ocean_menu_social_hover_links_color":"","ocean_disable_title":"default","ocean_disable_heading":"default","ocean_post_title":"","ocean_post_subheading":"","ocean_post_title_style":"","ocean_post_title_background_color":"","ocean_post_title_background":0,"ocean_post_title_bg_image_position":"","ocean_post_title_bg_image_attachment":"","ocean_post_title_bg_image_repeat":"","ocean_post_title_bg_image_size":"","ocean_post_title_height":0,"ocean_post_title_bg_overlay":0.5,"ocean_post_title_bg_overlay_color":"","ocean_disable_breadcrumbs":"default","ocean_breadcrumbs_color":"","ocean_breadcrumbs_separator_color":"","ocean_breadcrumbs_links_color":"","ocean_breadcrumbs_links_hover_color":"","ocean_display_footer_widgets":"default","ocean_display_footer_bottom":"default","ocean_custom_footer_template":"0","footnotes":""},"folder":[],"class_list":["post-194","page","type-page","status-publish","hentry","entry"],"yoast_head":"<!-- This site is optimized with the Yoast SEO plugin v27.4 - https:\/\/yoast.com\/product\/yoast-seo-wordpress\/ -->\n<title>F3SCT-REA - \u00ceLE-DE-FRANCE<\/title>\n<meta name=\"robots\" content=\"index, follow, max-snippet:-1, max-image-preview:large, max-video-preview:-1\" \/>\n<link rel=\"canonical\" href=\"https:\/\/regions-snetap-fsu.fr\/idf\/instances\/chsctrea\/\" \/>\n<meta property=\"og:locale\" content=\"fr_FR\" \/>\n<meta property=\"og:type\" content=\"article\" \/>\n<meta property=\"og:title\" content=\"F3SCT-REA - \u00ceLE-DE-FRANCE\" \/>\n<meta property=\"og:description\" content=\"&nbsp; Vous trouverez ici notre synth\u00e8se r\u00e9alis\u00e9e apr\u00e8s les pl\u00e9ni\u00e8res de cette nouvelle instance qui remplace le CHSCTREA : L&rsquo;essentiel de la F3SCT-REA du 19 mars 2025 &nbsp; Compte-rendu de la F3SCT-REA du 4 juin 2024 &nbsp; Compte rendu de la premi\u00e8re FS-REA : la nouvelle instance Sant\u00e9, S\u00e9curit\u00e9 et Conditions de Travail &#8212;&#8212;&#8212;&#8212;&#8212;&#8212;&#8212;&#8212;&#8212;&#8212;&#8212;&#8212;&#8212;&#8212;&#8212;&#8212;&#8212;&#8212;&#8212;&#8212;&#8212;&#8212;&#8212;&#8212;&#8212;&#8212;&#8212;&#8212;&#8212;&#8212;&#8212;&#8212;&#8212;&#8212;&#8212;&#8212;&#8212;&#8212;&#8212;&#8212;&#8212;&#8212;&#8212;&#8212;&#8212;&#8212;&#8212;&#8212;&#8211; Voici, [&hellip;]\" \/>\n<meta property=\"og:url\" content=\"https:\/\/regions-snetap-fsu.fr\/idf\/instances\/chsctrea\/\" \/>\n<meta property=\"og:site_name\" content=\"\u00ceLE-DE-FRANCE\" \/>\n<meta property=\"article:modified_time\" content=\"2025-04-10T18:38:18+00:00\" \/>\n<meta name=\"twitter:card\" content=\"summary_large_image\" \/>\n<meta name=\"twitter:label1\" content=\"Dur\u00e9e de lecture estim\u00e9e\" \/>\n\t<meta name=\"twitter:data1\" content=\"1 minute\" \/>\n<script type=\"application\/ld+json\" class=\"yoast-schema-graph\">{\"@context\":\"https:\\\/\\\/schema.org\",\"@graph\":[{\"@type\":\"WebPage\",\"@id\":\"https:\\\/\\\/regions-snetap-fsu.fr\\\/idf\\\/instances\\\/chsctrea\\\/\",\"url\":\"https:\\\/\\\/regions-snetap-fsu.fr\\\/idf\\\/instances\\\/chsctrea\\\/\",\"name\":\"F3SCT-REA - \u00ceLE-DE-FRANCE\",\"isPartOf\":{\"@id\":\"https:\\\/\\\/regions-snetap-fsu.fr\\\/idf\\\/#website\"},\"datePublished\":\"2018-09-25T21:20:50+00:00\",\"dateModified\":\"2025-04-10T18:38:18+00:00\",\"breadcrumb\":{\"@id\":\"https:\\\/\\\/regions-snetap-fsu.fr\\\/idf\\\/instances\\\/chsctrea\\\/#breadcrumb\"},\"inLanguage\":\"fr-FR\",\"potentialAction\":[{\"@type\":\"ReadAction\",\"target\":[\"https:\\\/\\\/regions-snetap-fsu.fr\\\/idf\\\/instances\\\/chsctrea\\\/\"]}]},{\"@type\":\"BreadcrumbList\",\"@id\":\"https:\\\/\\\/regions-snetap-fsu.fr\\\/idf\\\/instances\\\/chsctrea\\\/#breadcrumb\",\"itemListElement\":[{\"@type\":\"ListItem\",\"position\":1,\"name\":\"Accueil\",\"item\":\"https:\\\/\\\/regions-snetap-fsu.fr\\\/idf\\\/\"},{\"@type\":\"ListItem\",\"position\":2,\"name\":\"INSTANCES\",\"item\":\"https:\\\/\\\/regions-snetap-fsu.fr\\\/idf\\\/instances\\\/\"},{\"@type\":\"ListItem\",\"position\":3,\"name\":\"CHSCTREA\"}]},{\"@type\":\"WebSite\",\"@id\":\"https:\\\/\\\/regions-snetap-fsu.fr\\\/idf\\\/#website\",\"url\":\"https:\\\/\\\/regions-snetap-fsu.fr\\\/idf\\\/\",\"name\":\"\u00ceLE-DE-FRANCE\",\"description\":\"Le blog de la Section R\u00e9gionale\",\"potentialAction\":[{\"@type\":\"SearchAction\",\"target\":{\"@type\":\"EntryPoint\",\"urlTemplate\":\"https:\\\/\\\/regions-snetap-fsu.fr\\\/idf\\\/?s={search_term_string}\"},\"query-input\":{\"@type\":\"PropertyValueSpecification\",\"valueRequired\":true,\"valueName\":\"search_term_string\"}}],\"inLanguage\":\"fr-FR\"}]}<\/script>\n<!-- \/ Yoast SEO plugin. -->","yoast_head_json":{"title":"F3SCT-REA - \u00ceLE-DE-FRANCE","robots":{"index":"index","follow":"follow","max-snippet":"max-snippet:-1","max-image-preview":"max-image-preview:large","max-video-preview":"max-video-preview:-1"},"canonical":"https:\/\/regions-snetap-fsu.fr\/idf\/instances\/chsctrea\/","og_locale":"fr_FR","og_type":"article","og_title":"F3SCT-REA - \u00ceLE-DE-FRANCE","og_description":"&nbsp; Vous trouverez ici notre synth\u00e8se r\u00e9alis\u00e9e apr\u00e8s les pl\u00e9ni\u00e8res de cette nouvelle instance qui remplace le CHSCTREA : L&rsquo;essentiel de la F3SCT-REA du 19 mars 2025 &nbsp; Compte-rendu de la F3SCT-REA du 4 juin 2024 &nbsp; Compte rendu de la premi\u00e8re FS-REA : la nouvelle instance Sant\u00e9, S\u00e9curit\u00e9 et Conditions de Travail &#8212;&#8212;&#8212;&#8212;&#8212;&#8212;&#8212;&#8212;&#8212;&#8212;&#8212;&#8212;&#8212;&#8212;&#8212;&#8212;&#8212;&#8212;&#8212;&#8212;&#8212;&#8212;&#8212;&#8212;&#8212;&#8212;&#8212;&#8212;&#8212;&#8212;&#8212;&#8212;&#8212;&#8212;&#8212;&#8212;&#8212;&#8212;&#8212;&#8212;&#8212;&#8212;&#8212;&#8212;&#8212;&#8212;&#8212;&#8212;&#8211; Voici, [&hellip;]","og_url":"https:\/\/regions-snetap-fsu.fr\/idf\/instances\/chsctrea\/","og_site_name":"\u00ceLE-DE-FRANCE","article_modified_time":"2025-04-10T18:38:18+00:00","twitter_card":"summary_large_image","twitter_misc":{"Dur\u00e9e de lecture estim\u00e9e":"1 minute"},"schema":{"@context":"https:\/\/schema.org","@graph":[{"@type":"WebPage","@id":"https:\/\/regions-snetap-fsu.fr\/idf\/instances\/chsctrea\/","url":"https:\/\/regions-snetap-fsu.fr\/idf\/instances\/chsctrea\/","name":"F3SCT-REA - \u00ceLE-DE-FRANCE","isPartOf":{"@id":"https:\/\/regions-snetap-fsu.fr\/idf\/#website"},"datePublished":"2018-09-25T21:20:50+00:00","dateModified":"2025-04-10T18:38:18+00:00","breadcrumb":{"@id":"https:\/\/regions-snetap-fsu.fr\/idf\/instances\/chsctrea\/#breadcrumb"},"inLanguage":"fr-FR","potentialAction":[{"@type":"ReadAction","target":["https:\/\/regions-snetap-fsu.fr\/idf\/instances\/chsctrea\/"]}]},{"@type":"BreadcrumbList","@id":"https:\/\/regions-snetap-fsu.fr\/idf\/instances\/chsctrea\/#breadcrumb","itemListElement":[{"@type":"ListItem","position":1,"name":"Accueil","item":"https:\/\/regions-snetap-fsu.fr\/idf\/"},{"@type":"ListItem","position":2,"name":"INSTANCES","item":"https:\/\/regions-snetap-fsu.fr\/idf\/instances\/"},{"@type":"ListItem","position":3,"name":"CHSCTREA"}]},{"@type":"WebSite","@id":"https:\/\/regions-snetap-fsu.fr\/idf\/#website","url":"https:\/\/regions-snetap-fsu.fr\/idf\/","name":"\u00ceLE-DE-FRANCE","description":"Le blog de la Section R\u00e9gionale","potentialAction":[{"@type":"SearchAction","target":{"@type":"EntryPoint","urlTemplate":"https:\/\/regions-snetap-fsu.fr\/idf\/?s={search_term_string}"},"query-input":{"@type":"PropertyValueSpecification","valueRequired":true,"valueName":"search_term_string"}}],"inLanguage":"fr-FR"}]}},"_links":{"self":[{"href":"https:\/\/regions-snetap-fsu.fr\/idf\/wp-json\/wp\/v2\/pages\/194","targetHints":{"allow":["GET"]}}],"collection":[{"href":"https:\/\/regions-snetap-fsu.fr\/idf\/wp-json\/wp\/v2\/pages"}],"about":[{"href":"https:\/\/regions-snetap-fsu.fr\/idf\/wp-json\/wp\/v2\/types\/page"}],"author":[{"embeddable":true,"href":"https:\/\/regions-snetap-fsu.fr\/idf\/wp-json\/wp\/v2\/users\/104"}],"replies":[{"embeddable":true,"href":"https:\/\/regions-snetap-fsu.fr\/idf\/wp-json\/wp\/v2\/comments?post=194"}],"version-history":[{"count":34,"href":"https:\/\/regions-snetap-fsu.fr\/idf\/wp-json\/wp\/v2\/pages\/194\/revisions"}],"predecessor-version":[{"id":2094,"href":"https:\/\/regions-snetap-fsu.fr\/idf\/wp-json\/wp\/v2\/pages\/194\/revisions\/2094"}],"up":[{"embeddable":true,"href":"https:\/\/regions-snetap-fsu.fr\/idf\/wp-json\/wp\/v2\/pages\/169"}],"wp:attachment":[{"href":"https:\/\/regions-snetap-fsu.fr\/idf\/wp-json\/wp\/v2\/media?parent=194"}],"wp:term":[{"taxonomy":"folder","embeddable":true,"href":"https:\/\/regions-snetap-fsu.fr\/idf\/wp-json\/wp\/v2\/folder?post=194"}],"curies":[{"name":"wp","href":"https:\/\/api.w.org\/{rel}","templated":true}]}}