{"id":681,"date":"2018-10-14T19:19:09","date_gmt":"2018-10-14T17:19:09","guid":{"rendered":"https:\/\/regions-snetap-fsu.fr\/hdf\/?page_id=681"},"modified":"2025-10-23T11:15:43","modified_gmt":"2025-10-23T09:15:43","slug":"bureau-regional-et-missions","status":"publish","type":"page","link":"https:\/\/regions-snetap-fsu.fr\/hdf\/bureau-regional-et-missions\/","title":{"rendered":"Bureau r\u00e9gional et missions"},"content":{"rendered":"<p style=\"text-align: center\"><span style=\"font-size: 18pt;color: #ff0000;font-family: tahoma, arial, helvetica, sans-serif\">Bureau r\u00e9gional<\/span><\/p>\n<p style=\"text-align: center\"><span style=\"font-family: tahoma, arial, helvetica, sans-serif;color: #ff0000\">(Mobile : 06.52.06.66.78 &#8211; Courriel : hauts-de-france@snetap-fsu.fr)<\/span><\/p>\n<p><span style=\"font-family: tahoma, arial, helvetica, sans-serif;font-size: 12pt\"><span style=\"color: #0000ff\">Co-secr\u00e9taires :<\/span> <span style=\"color: #129447\">R\u00e9gis Martinage <\/span><\/span><span style=\"color: #000000;font-family: tahoma, arial, helvetica, sans-serif;font-size: 12pt\"><span style=\"color: #129447\">&#8211; Matthieu Pillon-Blondin.<\/span><br \/>\n<\/span><\/p>\n<p><span style=\"font-family: tahoma, arial, helvetica, sans-serif;font-size: 12pt\"><span style=\"color: #0000ff\">Tr\u00e9sorier :<\/span> <span style=\"color: #129447\">Vincent Fouque.<\/span><\/span><\/p>\n<p><span style=\"font-family: tahoma, arial, helvetica, sans-serif;font-size: 12pt\"><span style=\"color: #000000\"><span style=\"color: #0000ff\">Tr\u00e9sorier adjoint :<\/span> <span style=\"color: #129447\">Marie Defrance.<\/span><br \/>\n<\/span><\/span><\/p>\n<p style=\"text-align: center\"><span style=\"font-size: 18pt;color: #ff0000;font-family: tahoma, arial, helvetica, sans-serif\">Missions r\u00e9gionales<\/span><\/p>\n<p><span style=\"font-family: tahoma, arial, helvetica, sans-serif;font-size: 12pt\"><span style=\"color: #0000ff\">Communication :<\/span> <span style=\"color: #000000\"><span style=\"color: #129447\">R\u00e9gis Martinage.<\/span><br \/>\n<\/span><\/span><\/p>\n<p><span style=\"font-family: tahoma, arial, helvetica, sans-serif;font-size: 12pt\"><span style=\"color: #0000ff\">Syndicalisation :<\/span> <span style=\"color: #000000\"><span style=\"color: #129447\">Sylvain Gu\u00e9nard.<\/span><br \/>\n<\/span><\/span><\/p>\n<p><span style=\"font-family: tahoma, arial, helvetica, sans-serif;font-size: 12pt\"><span style=\"color: #000000\"><span style=\"color: #0000ff\">Relations FSU :<\/span>\u00a0<\/span><\/span><\/p>\n<p style=\"padding-left: 120px\"><span style=\"color: #0000ff\">CDFD 02 :<\/span> <span style=\"color: #129447\">Matthieu Pillon-Blondin.<\/span><\/p>\n<p style=\"padding-left: 120px\"><span style=\"color: #0000ff\">CDFD 60 :<\/span> <span style=\"color: #129447\">Marine Fournier.<\/span><\/p>\n<p style=\"padding-left: 120px\"><span style=\"color: #0000ff\">CDFD 62 :<\/span> <span style=\"color: #129447\">R\u00e9gis Martinage.<\/span><\/p>\n<p style=\"padding-left: 120px\"><span style=\"color: #0000ff\">CDFD 80 :<\/span> <span style=\"color: #129447\">Baptiste Legrand.<\/span><\/p>\n<p><span style=\"font-family: tahoma, arial, helvetica, sans-serif\"><span style=\"color: #0000ff\">Vigilance Priv\u00e9 :<\/span> <span style=\"color: #129447\">Baptiste Legrand et R\u00e9gis Martinage.<\/span><\/span><\/p>\n<p><span style=\"font-family: tahoma, arial, helvetica, sans-serif;font-size: 12pt\"><span style=\"color: #0000ff\">Relations DRAAF-SRFD :<\/span> <span style=\"color: #000000\"><span style=\"color: #129447\">Olivier Devillers &#8211; Baptiste Legrand &#8211; R\u00e9gis Martinage<\/span>.<br \/>\n<\/span><\/span><\/p>\n<p><span style=\"font-family: tahoma, arial, helvetica, sans-serif\"><span style=\"color: #0000ff\">CSA REA :<\/span> <span style=\"color: #129447\">Olivier Devillers &#8211; R\u00e9gis Martinage.<\/span><\/span><\/p>\n<p><span style=\"font-family: tahoma, arial, helvetica, sans-serif;font-size: 12pt\"><span style=\"color: #0000ff\">F3SCT (nouveau CHSCT) :<\/span> <span style=\"color: #000000\"><span style=\"color: #129447\">Olivier Devillers &#8211; Vincent Fouque<\/span>.<\/span><\/span><\/p>\n<p><span style=\"font-family: tahoma, arial, helvetica, sans-serif;font-size: 12pt\"><span style=\"color: #0000ff\">Conseil R\u00e9gional :<\/span> <span style=\"color: #000000\"><span style=\"color: #129447\">Baptiste Legrand &#8211; R\u00e9gis Martinage.<\/span><br \/>\n<\/span><\/span><\/p>\n<p><span style=\"font-family: tahoma, arial, helvetica, sans-serif\"><span style=\"color: #0000ff\">UFA\/CFPPA &#8211; ACB :<\/span> <span style=\"color: #129447\">Isabel Goncalves &#8211; Dominique Baras.<\/span><\/span><\/p>\n<p><span style=\"font-family: tahoma, arial, helvetica, sans-serif\"><span style=\"color: #0000ff\">ACEN :<\/span> <span style=\"color: #129447\">Baptiste Legrand.<\/span><\/span><\/p>\n<p><span style=\"font-family: tahoma, arial, helvetica, sans-serif;font-size: 12pt\"><span style=\"color: #0000ff\">Enseignement :<\/span> <span style=\"color: #129447\">Sylvain Gu\u00e9nard.<\/span><\/span><\/p>\n<p><span style=\"font-family: tahoma, arial, helvetica, sans-serif\"><span style=\"color: #0000ff\">CAP :<\/span> <span style=\"color: #129447\">Baptiste Legrand<\/span> &#8211; <span style=\"color: #129447\">Sylvain Gu\u00e9nard.<\/span><\/span><\/p>\n<p><span style=\"font-family: tahoma, arial, helvetica, sans-serif\"><span style=\"color: #0000ff\">Retrait\u00e9.e.s :<\/span> <span style=\"color: #129447\">Andr\u00e9 Languille.<\/span><\/span><\/p>\n<p><span style=\"font-family: tahoma, arial, helvetica, sans-serif;font-size: 12pt\"><span style=\"color: #0000ff\">R\u00e9f\u00e9rente r\u00e9gionale groupe de travail \u00ab\u00a0Langues vivantes\u00a0\u00bb :<\/span> <span style=\"color: #129447\">Sylvain Le-Texier<\/span><br \/>\n<\/span><\/p>\n","protected":false},"excerpt":{"rendered":"<p>Bureau r\u00e9gional (Mobile : 06.52.06.66.78 &#8211; Courriel : hauts-de-france@snetap-fsu.fr) Co-secr\u00e9taires : R\u00e9gis Martinage &#8211; Matthieu Pillon-Blondin. Tr\u00e9sorier : Vincent Fouque. Tr\u00e9sorier adjoint : Marie Defrance. Missions r\u00e9gionales Communication : R\u00e9gis Martinage. Syndicalisation : Sylvain Gu\u00e9nard. Relations FSU :\u00a0 CDFD 02 : Matthieu Pillon-Blondin. CDFD 60 : Marine Fournier. CDFD 62 : R\u00e9gis Martinage. CDFD 80 [&hellip;]<\/p>\n","protected":false},"author":88,"featured_media":0,"parent":0,"menu_order":0,"comment_status":"closed","ping_status":"closed","template":"","meta":{"ocean_post_layout":"","ocean_both_sidebars_style":"","ocean_both_sidebars_content_width":0,"ocean_both_sidebars_sidebars_width":0,"ocean_sidebar":"0","ocean_second_sidebar":"0","ocean_disable_margins":"enable","ocean_add_body_class":"","ocean_shortcode_before_top_bar":"","ocean_shortcode_after_top_bar":"","ocean_shortcode_before_header":"","ocean_shortcode_after_header":"","ocean_has_shortcode":"","ocean_shortcode_after_title":"","ocean_shortcode_before_footer_widgets":"","ocean_shortcode_after_footer_widgets":"","ocean_shortcode_before_footer_bottom":"","ocean_shortcode_after_footer_bottom":"","ocean_display_top_bar":"default","ocean_display_header":"default","ocean_header_style":"","ocean_center_header_left_menu":"0","ocean_custom_header_template":"0","ocean_custom_logo":0,"ocean_custom_retina_logo":0,"ocean_custom_logo_max_width":0,"ocean_custom_logo_tablet_max_width":0,"ocean_custom_logo_mobile_max_width":0,"ocean_custom_logo_max_height":0,"ocean_custom_logo_tablet_max_height":0,"ocean_custom_logo_mobile_max_height":0,"ocean_header_custom_menu":"0","ocean_menu_typo_font_family":"0","ocean_menu_typo_font_subset":"","ocean_menu_typo_font_size":0,"ocean_menu_typo_font_size_tablet":0,"ocean_menu_typo_font_size_mobile":0,"ocean_menu_typo_font_size_unit":"px","ocean_menu_typo_font_weight":"","ocean_menu_typo_font_weight_tablet":"","ocean_menu_typo_font_weight_mobile":"","ocean_menu_typo_transform":"","ocean_menu_typo_transform_tablet":"","ocean_menu_typo_transform_mobile":"","ocean_menu_typo_line_height":0,"ocean_menu_typo_line_height_tablet":0,"ocean_menu_typo_line_height_mobile":0,"ocean_menu_typo_line_height_unit":"","ocean_menu_typo_spacing":0,"ocean_menu_typo_spacing_tablet":0,"ocean_menu_typo_spacing_mobile":0,"ocean_menu_typo_spacing_unit":"","ocean_menu_link_color":"","ocean_menu_link_color_hover":"","ocean_menu_link_color_active":"","ocean_menu_link_background":"","ocean_menu_link_hover_background":"","ocean_menu_link_active_background":"","ocean_menu_social_links_bg":"","ocean_menu_social_hover_links_bg":"","ocean_menu_social_links_color":"","ocean_menu_social_hover_links_color":"","ocean_disable_title":"default","ocean_disable_heading":"default","ocean_post_title":"","ocean_post_subheading":"","ocean_post_title_style":"","ocean_post_title_background_color":"","ocean_post_title_background":0,"ocean_post_title_bg_image_position":"","ocean_post_title_bg_image_attachment":"","ocean_post_title_bg_image_repeat":"","ocean_post_title_bg_image_size":"","ocean_post_title_height":0,"ocean_post_title_bg_overlay":0.5,"ocean_post_title_bg_overlay_color":"","ocean_disable_breadcrumbs":"default","ocean_breadcrumbs_color":"","ocean_breadcrumbs_separator_color":"","ocean_breadcrumbs_links_color":"","ocean_breadcrumbs_links_hover_color":"","ocean_display_footer_widgets":"default","ocean_display_footer_bottom":"default","ocean_custom_footer_template":"0","footnotes":""},"folder":[],"class_list":["post-681","page","type-page","status-publish","hentry","entry"],"yoast_head":"<!-- This site is optimized with the Yoast SEO plugin v27.4 - https:\/\/yoast.com\/product\/yoast-seo-wordpress\/ -->\n<title>Bureau r\u00e9gional et missions - HAUTS-DE-FRANCE<\/title>\n<meta name=\"robots\" content=\"index, follow, max-snippet:-1, max-image-preview:large, max-video-preview:-1\" \/>\n<link rel=\"canonical\" href=\"https:\/\/regions-snetap-fsu.fr\/hdf\/bureau-regional-et-missions\/\" \/>\n<meta property=\"og:locale\" content=\"fr_FR\" \/>\n<meta property=\"og:type\" content=\"article\" \/>\n<meta property=\"og:title\" content=\"Bureau r\u00e9gional et missions - HAUTS-DE-FRANCE\" \/>\n<meta property=\"og:description\" content=\"Bureau r\u00e9gional (Mobile : 06.52.06.66.78 &#8211; Courriel : hauts-de-france@snetap-fsu.fr) Co-secr\u00e9taires : R\u00e9gis Martinage &#8211; Matthieu Pillon-Blondin. Tr\u00e9sorier : Vincent Fouque. Tr\u00e9sorier adjoint : Marie Defrance. Missions r\u00e9gionales Communication : R\u00e9gis Martinage. Syndicalisation : Sylvain Gu\u00e9nard. Relations FSU :\u00a0 CDFD 02 : Matthieu Pillon-Blondin. CDFD 60 : Marine Fournier. CDFD 62 : R\u00e9gis Martinage. CDFD 80 [&hellip;]\" \/>\n<meta property=\"og:url\" content=\"https:\/\/regions-snetap-fsu.fr\/hdf\/bureau-regional-et-missions\/\" \/>\n<meta property=\"og:site_name\" content=\"HAUTS-DE-FRANCE\" \/>\n<meta property=\"article:modified_time\" content=\"2025-10-23T09:15:43+00:00\" \/>\n<meta name=\"twitter:card\" content=\"summary_large_image\" \/>\n<meta name=\"twitter:site\" content=\"@MartinageSnetap\" \/>\n<meta name=\"twitter:label1\" content=\"Dur\u00e9e de lecture estim\u00e9e\" \/>\n\t<meta name=\"twitter:data1\" content=\"1 minute\" \/>\n<script type=\"application\/ld+json\" class=\"yoast-schema-graph\">{\"@context\":\"https:\\\/\\\/schema.org\",\"@graph\":[{\"@type\":\"WebPage\",\"@id\":\"https:\\\/\\\/regions-snetap-fsu.fr\\\/hdf\\\/bureau-regional-et-missions\\\/\",\"url\":\"https:\\\/\\\/regions-snetap-fsu.fr\\\/hdf\\\/bureau-regional-et-missions\\\/\",\"name\":\"Bureau r\u00e9gional et missions - HAUTS-DE-FRANCE\",\"isPartOf\":{\"@id\":\"https:\\\/\\\/regions-snetap-fsu.fr\\\/hdf\\\/#website\"},\"datePublished\":\"2018-10-14T17:19:09+00:00\",\"dateModified\":\"2025-10-23T09:15:43+00:00\",\"breadcrumb\":{\"@id\":\"https:\\\/\\\/regions-snetap-fsu.fr\\\/hdf\\\/bureau-regional-et-missions\\\/#breadcrumb\"},\"inLanguage\":\"fr-FR\",\"potentialAction\":[{\"@type\":\"ReadAction\",\"target\":[\"https:\\\/\\\/regions-snetap-fsu.fr\\\/hdf\\\/bureau-regional-et-missions\\\/\"]}]},{\"@type\":\"BreadcrumbList\",\"@id\":\"https:\\\/\\\/regions-snetap-fsu.fr\\\/hdf\\\/bureau-regional-et-missions\\\/#breadcrumb\",\"itemListElement\":[{\"@type\":\"ListItem\",\"position\":1,\"name\":\"Accueil\",\"item\":\"https:\\\/\\\/regions-snetap-fsu.fr\\\/hdf\\\/\"},{\"@type\":\"ListItem\",\"position\":2,\"name\":\"Bureau r\u00e9gional et missions\"}]},{\"@type\":\"WebSite\",\"@id\":\"https:\\\/\\\/regions-snetap-fsu.fr\\\/hdf\\\/#website\",\"url\":\"https:\\\/\\\/regions-snetap-fsu.fr\\\/hdf\\\/\",\"name\":\"HAUTS-DE-FRANCE\",\"description\":\"Section r\u00e9gionale\",\"publisher\":{\"@id\":\"https:\\\/\\\/regions-snetap-fsu.fr\\\/hdf\\\/#organization\"},\"potentialAction\":[{\"@type\":\"SearchAction\",\"target\":{\"@type\":\"EntryPoint\",\"urlTemplate\":\"https:\\\/\\\/regions-snetap-fsu.fr\\\/hdf\\\/?s={search_term_string}\"},\"query-input\":{\"@type\":\"PropertyValueSpecification\",\"valueRequired\":true,\"valueName\":\"search_term_string\"}}],\"inLanguage\":\"fr-FR\"},{\"@type\":\"Organization\",\"@id\":\"https:\\\/\\\/regions-snetap-fsu.fr\\\/hdf\\\/#organization\",\"name\":\"SNETAP-FSU - HAUTS-DE-FRANCE\",\"url\":\"https:\\\/\\\/regions-snetap-fsu.fr\\\/hdf\\\/\",\"logo\":{\"@type\":\"ImageObject\",\"inLanguage\":\"fr-FR\",\"@id\":\"https:\\\/\\\/regions-snetap-fsu.fr\\\/hdf\\\/#\\\/schema\\\/logo\\\/image\\\/\",\"url\":\"https:\\\/\\\/regions-snetap-fsu.fr\\\/hdf\\\/wp-content\\\/uploads\\\/sites\\\/5\\\/2020\\\/12\\\/SNETAP-Logo.jpg\",\"contentUrl\":\"https:\\\/\\\/regions-snetap-fsu.fr\\\/hdf\\\/wp-content\\\/uploads\\\/sites\\\/5\\\/2020\\\/12\\\/SNETAP-Logo.jpg\",\"width\":464,\"height\":334,\"caption\":\"SNETAP-FSU - HAUTS-DE-FRANCE\"},\"image\":{\"@id\":\"https:\\\/\\\/regions-snetap-fsu.fr\\\/hdf\\\/#\\\/schema\\\/logo\\\/image\\\/\"},\"sameAs\":[\"https:\\\/\\\/x.com\\\/MartinageSnetap\"]}]}<\/script>\n<!-- \/ Yoast SEO plugin. -->","yoast_head_json":{"title":"Bureau r\u00e9gional et missions - HAUTS-DE-FRANCE","robots":{"index":"index","follow":"follow","max-snippet":"max-snippet:-1","max-image-preview":"max-image-preview:large","max-video-preview":"max-video-preview:-1"},"canonical":"https:\/\/regions-snetap-fsu.fr\/hdf\/bureau-regional-et-missions\/","og_locale":"fr_FR","og_type":"article","og_title":"Bureau r\u00e9gional et missions - HAUTS-DE-FRANCE","og_description":"Bureau r\u00e9gional (Mobile : 06.52.06.66.78 &#8211; Courriel : hauts-de-france@snetap-fsu.fr) Co-secr\u00e9taires : R\u00e9gis Martinage &#8211; Matthieu Pillon-Blondin. Tr\u00e9sorier : Vincent Fouque. Tr\u00e9sorier adjoint : Marie Defrance. Missions r\u00e9gionales Communication : R\u00e9gis Martinage. Syndicalisation : Sylvain Gu\u00e9nard. Relations FSU :\u00a0 CDFD 02 : Matthieu Pillon-Blondin. CDFD 60 : Marine Fournier. CDFD 62 : R\u00e9gis Martinage. CDFD 80 [&hellip;]","og_url":"https:\/\/regions-snetap-fsu.fr\/hdf\/bureau-regional-et-missions\/","og_site_name":"HAUTS-DE-FRANCE","article_modified_time":"2025-10-23T09:15:43+00:00","twitter_card":"summary_large_image","twitter_site":"@MartinageSnetap","twitter_misc":{"Dur\u00e9e de lecture estim\u00e9e":"1 minute"},"schema":{"@context":"https:\/\/schema.org","@graph":[{"@type":"WebPage","@id":"https:\/\/regions-snetap-fsu.fr\/hdf\/bureau-regional-et-missions\/","url":"https:\/\/regions-snetap-fsu.fr\/hdf\/bureau-regional-et-missions\/","name":"Bureau r\u00e9gional et missions - HAUTS-DE-FRANCE","isPartOf":{"@id":"https:\/\/regions-snetap-fsu.fr\/hdf\/#website"},"datePublished":"2018-10-14T17:19:09+00:00","dateModified":"2025-10-23T09:15:43+00:00","breadcrumb":{"@id":"https:\/\/regions-snetap-fsu.fr\/hdf\/bureau-regional-et-missions\/#breadcrumb"},"inLanguage":"fr-FR","potentialAction":[{"@type":"ReadAction","target":["https:\/\/regions-snetap-fsu.fr\/hdf\/bureau-regional-et-missions\/"]}]},{"@type":"BreadcrumbList","@id":"https:\/\/regions-snetap-fsu.fr\/hdf\/bureau-regional-et-missions\/#breadcrumb","itemListElement":[{"@type":"ListItem","position":1,"name":"Accueil","item":"https:\/\/regions-snetap-fsu.fr\/hdf\/"},{"@type":"ListItem","position":2,"name":"Bureau r\u00e9gional et missions"}]},{"@type":"WebSite","@id":"https:\/\/regions-snetap-fsu.fr\/hdf\/#website","url":"https:\/\/regions-snetap-fsu.fr\/hdf\/","name":"HAUTS-DE-FRANCE","description":"Section r\u00e9gionale","publisher":{"@id":"https:\/\/regions-snetap-fsu.fr\/hdf\/#organization"},"potentialAction":[{"@type":"SearchAction","target":{"@type":"EntryPoint","urlTemplate":"https:\/\/regions-snetap-fsu.fr\/hdf\/?s={search_term_string}"},"query-input":{"@type":"PropertyValueSpecification","valueRequired":true,"valueName":"search_term_string"}}],"inLanguage":"fr-FR"},{"@type":"Organization","@id":"https:\/\/regions-snetap-fsu.fr\/hdf\/#organization","name":"SNETAP-FSU - HAUTS-DE-FRANCE","url":"https:\/\/regions-snetap-fsu.fr\/hdf\/","logo":{"@type":"ImageObject","inLanguage":"fr-FR","@id":"https:\/\/regions-snetap-fsu.fr\/hdf\/#\/schema\/logo\/image\/","url":"https:\/\/regions-snetap-fsu.fr\/hdf\/wp-content\/uploads\/sites\/5\/2020\/12\/SNETAP-Logo.jpg","contentUrl":"https:\/\/regions-snetap-fsu.fr\/hdf\/wp-content\/uploads\/sites\/5\/2020\/12\/SNETAP-Logo.jpg","width":464,"height":334,"caption":"SNETAP-FSU - HAUTS-DE-FRANCE"},"image":{"@id":"https:\/\/regions-snetap-fsu.fr\/hdf\/#\/schema\/logo\/image\/"},"sameAs":["https:\/\/x.com\/MartinageSnetap"]}]}},"_links":{"self":[{"href":"https:\/\/regions-snetap-fsu.fr\/hdf\/wp-json\/wp\/v2\/pages\/681","targetHints":{"allow":["GET"]}}],"collection":[{"href":"https:\/\/regions-snetap-fsu.fr\/hdf\/wp-json\/wp\/v2\/pages"}],"about":[{"href":"https:\/\/regions-snetap-fsu.fr\/hdf\/wp-json\/wp\/v2\/types\/page"}],"author":[{"embeddable":true,"href":"https:\/\/regions-snetap-fsu.fr\/hdf\/wp-json\/wp\/v2\/users\/88"}],"replies":[{"embeddable":true,"href":"https:\/\/regions-snetap-fsu.fr\/hdf\/wp-json\/wp\/v2\/comments?post=681"}],"version-history":[{"count":29,"href":"https:\/\/regions-snetap-fsu.fr\/hdf\/wp-json\/wp\/v2\/pages\/681\/revisions"}],"predecessor-version":[{"id":10406,"href":"https:\/\/regions-snetap-fsu.fr\/hdf\/wp-json\/wp\/v2\/pages\/681\/revisions\/10406"}],"wp:attachment":[{"href":"https:\/\/regions-snetap-fsu.fr\/hdf\/wp-json\/wp\/v2\/media?parent=681"}],"wp:term":[{"taxonomy":"folder","embeddable":true,"href":"https:\/\/regions-snetap-fsu.fr\/hdf\/wp-json\/wp\/v2\/folder?post=681"}],"curies":[{"name":"wp","href":"https:\/\/api.w.org\/{rel}","templated":true}]}}